{"id":122,"date":"2016-02-03T13:56:15","date_gmt":"2016-02-03T11:56:15","guid":{"rendered":"http:\/\/kartekaksesuar.com\/?page_id=122"},"modified":"2016-02-03T13:56:15","modified_gmt":"2016-02-03T11:56:15","slug":"orta-kayit-baglanti-takozlari","status":"publish","type":"page","link":"https:\/\/kartekaksesuar.com\/index.php\/orta-kayit-baglanti-takozlari","title":{"rendered":"ORTA KAYIT BA\u011eLANTI TAKOZLARI"},"content":{"rendered":"<h3 style=\"text-align: center;\">Orta Kay\u0131t Ba\u011flant\u0131 Takozlar\u0131<\/h3>\n<p><img loading=\"lazy\" decoding=\"async\" class=\"aligncenter size-full wp-image-123\" src=\"http:\/\/kartekaksesuar.com\/wp-content\/uploads\/2016\/02\/is_kar_02.jpg\" alt=\"is_kar_02\" width=\"600\" height=\"400\" srcset=\"https:\/\/kartekaksesuar.com\/wp-content\/uploads\/2016\/02\/is_kar_02.jpg 600w, https:\/\/kartekaksesuar.com\/wp-content\/uploads\/2016\/02\/is_kar_02-300x200.jpg 300w, https:\/\/kartekaksesuar.com\/wp-content\/uploads\/2016\/02\/is_kar_02-200x133.jpg 200w, https:\/\/kartekaksesuar.com\/wp-content\/uploads\/2016\/02\/is_kar_02-272x182.jpg 272w\" sizes=\"auto, (max-width: 600px) 100vw, 600px\" \/><\/p>\n","protected":false},"excerpt":{"rendered":"<p>Orta Kay\u0131t Ba\u011flant\u0131 Takozlar\u0131<\/p>\n","protected":false},"author":1,"featured_media":0,"parent":0,"menu_order":0,"comment_status":"closed","ping_status":"closed","template":"urunler.php","meta":{"footnotes":""},"class_list":["post-122","page","type-page","status-publish","hentry"],"_links":{"self":[{"href":"https:\/\/kartekaksesuar.com\/index.php\/wp-json\/wp\/v2\/pages\/122","targetHints":{"allow":["GET"]}}],"collection":[{"href":"https:\/\/kartekaksesuar.com\/index.php\/wp-json\/wp\/v2\/pages"}],"about":[{"href":"https:\/\/kartekaksesuar.com\/index.php\/wp-json\/wp\/v2\/types\/page"}],"author":[{"embeddable":true,"href":"https:\/\/kartekaksesuar.com\/index.php\/wp-json\/wp\/v2\/users\/1"}],"replies":[{"embeddable":true,"href":"https:\/\/kartekaksesuar.com\/index.php\/wp-json\/wp\/v2\/comments?post=122"}],"version-history":[{"count":1,"href":"https:\/\/kartekaksesuar.com\/index.php\/wp-json\/wp\/v2\/pages\/122\/revisions"}],"predecessor-version":[{"id":125,"href":"https:\/\/kartekaksesuar.com\/index.php\/wp-json\/wp\/v2\/pages\/122\/revisions\/125"}],"wp:attachment":[{"href":"https:\/\/kartekaksesuar.com\/index.php\/wp-json\/wp\/v2\/media?parent=122"}],"curies":[{"name":"wp","href":"https:\/\/api.w.org\/{rel}","templated":true}]}}