{"id":134,"date":"2016-02-03T14:00:18","date_gmt":"2016-02-03T12:00:18","guid":{"rendered":"http:\/\/kartekaksesuar.com\/?page_id=134"},"modified":"2016-02-03T14:00:18","modified_gmt":"2016-02-03T12:00:18","slug":"cift-acilim-sistemleri","status":"publish","type":"page","link":"https:\/\/kartekaksesuar.com\/index.php\/cift-acilim-sistemleri","title":{"rendered":"\u00c7\u0130FT A\u00c7ILIM S\u0130STEMLER\u0130"},"content":{"rendered":"<p><img loading=\"lazy\" decoding=\"async\" class=\"aligncenter size-full wp-image-135\" src=\"http:\/\/kartekaksesuar.com\/wp-content\/uploads\/2016\/02\/ciftacilim.jpg\" alt=\"ciftacilim\" width=\"618\" height=\"794\" srcset=\"https:\/\/kartekaksesuar.com\/wp-content\/uploads\/2016\/02\/ciftacilim.jpg 618w, https:\/\/kartekaksesuar.com\/wp-content\/uploads\/2016\/02\/ciftacilim-234x300.jpg 234w, https:\/\/kartekaksesuar.com\/wp-content\/uploads\/2016\/02\/ciftacilim-156x200.jpg 156w\" sizes=\"auto, (max-width: 618px) 100vw, 618px\" \/><\/p>\n","protected":false},"excerpt":{"rendered":"","protected":false},"author":1,"featured_media":0,"parent":0,"menu_order":0,"comment_status":"closed","ping_status":"closed","template":"urunler.php","meta":{"footnotes":""},"class_list":["post-134","page","type-page","status-publish","hentry"],"_links":{"self":[{"href":"https:\/\/kartekaksesuar.com\/index.php\/wp-json\/wp\/v2\/pages\/134","targetHints":{"allow":["GET"]}}],"collection":[{"href":"https:\/\/kartekaksesuar.com\/index.php\/wp-json\/wp\/v2\/pages"}],"about":[{"href":"https:\/\/kartekaksesuar.com\/index.php\/wp-json\/wp\/v2\/types\/page"}],"author":[{"embeddable":true,"href":"https:\/\/kartekaksesuar.com\/index.php\/wp-json\/wp\/v2\/users\/1"}],"replies":[{"embeddable":true,"href":"https:\/\/kartekaksesuar.com\/index.php\/wp-json\/wp\/v2\/comments?post=134"}],"version-history":[{"count":1,"href":"https:\/\/kartekaksesuar.com\/index.php\/wp-json\/wp\/v2\/pages\/134\/revisions"}],"predecessor-version":[{"id":137,"href":"https:\/\/kartekaksesuar.com\/index.php\/wp-json\/wp\/v2\/pages\/134\/revisions\/137"}],"wp:attachment":[{"href":"https:\/\/kartekaksesuar.com\/index.php\/wp-json\/wp\/v2\/media?parent=134"}],"curies":[{"name":"wp","href":"https:\/\/api.w.org\/{rel}","templated":true}]}}