{"id":54,"date":"2016-02-02T18:18:04","date_gmt":"2016-02-02T16:18:04","guid":{"rendered":"http:\/\/kartekaksesuar.com\/?page_id=54"},"modified":"2016-02-03T11:58:19","modified_gmt":"2016-02-03T09:58:19","slug":"hakkimizda","status":"publish","type":"page","link":"https:\/\/kartekaksesuar.com\/index.php\/hakkimizda","title":{"rendered":"HAKKIMIZDA"},"content":{"rendered":"<h4>Firmam\u0131z ticari faaliyetine 1993 y\u0131l\u0131nda \u0130stanbul&#8217;da ba\u015flam\u0131\u015ft\u0131r.<\/h4>\n<h4>Kuruldu\u011fu ilk y\u0131llarda fason vida ve c\u0131vata imalat\u0131 ile \u00f6zellikle otomotiv, makina,<\/h4>\n<h4>elektrik-elektronik ve mobilya sekt\u00f6rlerine hizmet vermi\u015ftir.<\/h4>\n<h4>Zaman i\u00e7inde PVC Kap\u0131 Pencere sekt\u00f6r\u00fcne de y\u00f6nelerek vidalar\u0131n yan\u0131s\u0131ra, her t\u00fcrl\u00fc<\/h4>\n<h4>aksesuar\u0131n sat\u0131\u015f\u0131 ile hem \u00fcr\u00fcn hem de hizmet sekt\u00f6r\u00fcn\u00fc geni\u015fletmi\u015ftir.<\/h4>\n<h4>Firmam\u0131z\u0131n temel ilkesi olan m\u00fc\u015fteri memnuniyetini sa\u011flamak i\u00e7in kaliteli malzemeyi<\/h4>\n<h4>en uygun fiyata, en h\u0131zl\u0131 \u015fekilde temin etmeyi g\u00f6rev kabul etmi\u015ftir.<\/h4>\n<h4>Kurulu\u015fumuzdan bug\u00fcne kadar bizlere g\u00fcvenen, destek veren t\u00fcm m\u00fc\u015fterilerimize<\/h4>\n<h4>te\u015fekk\u00fcr\u00fc bor\u00e7 biliriz.<\/h4>\n<h4>Sayg\u0131lar\u0131m\u0131zla&#8230;<\/h4>\n","protected":false},"excerpt":{"rendered":"<p>Firmam\u0131z ticari faaliyetine 1993 y\u0131l\u0131nda \u0130stanbul&#8217;da ba\u015flam\u0131\u015ft\u0131r. Kuruldu\u011fu ilk y\u0131llarda fason vida ve c\u0131vata imalat\u0131 ile \u00f6zellikle otomotiv, makina, elektrik-elektronik ve mobilya sekt\u00f6rlerine hizmet vermi\u015ftir. Zaman i\u00e7inde PVC Kap\u0131 Pencere sekt\u00f6r\u00fcne de y\u00f6nelerek vidalar\u0131n yan\u0131s\u0131ra, her t\u00fcrl\u00fc aksesuar\u0131n sat\u0131\u015f\u0131 ile hem \u00fcr\u00fcn hem de hizmet sekt\u00f6r\u00fcn\u00fc geni\u015fletmi\u015ftir. Firmam\u0131z\u0131n temel ilkesi olan m\u00fc\u015fteri memnuniyetini sa\u011flamak i\u00e7in [&hellip;]<\/p>\n","protected":false},"author":1,"featured_media":0,"parent":0,"menu_order":0,"comment_status":"closed","ping_status":"closed","template":"hakkimizda.php","meta":{"footnotes":""},"class_list":["post-54","page","type-page","status-publish","hentry"],"_links":{"self":[{"href":"https:\/\/kartekaksesuar.com\/index.php\/wp-json\/wp\/v2\/pages\/54","targetHints":{"allow":["GET"]}}],"collection":[{"href":"https:\/\/kartekaksesuar.com\/index.php\/wp-json\/wp\/v2\/pages"}],"about":[{"href":"https:\/\/kartekaksesuar.com\/index.php\/wp-json\/wp\/v2\/types\/page"}],"author":[{"embeddable":true,"href":"https:\/\/kartekaksesuar.com\/index.php\/wp-json\/wp\/v2\/users\/1"}],"replies":[{"embeddable":true,"href":"https:\/\/kartekaksesuar.com\/index.php\/wp-json\/wp\/v2\/comments?post=54"}],"version-history":[{"count":7,"href":"https:\/\/kartekaksesuar.com\/index.php\/wp-json\/wp\/v2\/pages\/54\/revisions"}],"predecessor-version":[{"id":65,"href":"https:\/\/kartekaksesuar.com\/index.php\/wp-json\/wp\/v2\/pages\/54\/revisions\/65"}],"wp:attachment":[{"href":"https:\/\/kartekaksesuar.com\/index.php\/wp-json\/wp\/v2\/media?parent=54"}],"curies":[{"name":"wp","href":"https:\/\/api.w.org\/{rel}","templated":true}]}}