{"id":76,"date":"2016-02-03T12:32:10","date_gmt":"2016-02-03T10:32:10","guid":{"rendered":"http:\/\/kartekaksesuar.com\/?page_id=76"},"modified":"2016-02-05T19:58:07","modified_gmt":"2016-02-05T17:58:07","slug":"vidalar","status":"publish","type":"page","link":"https:\/\/kartekaksesuar.com\/index.php\/vidalar","title":{"rendered":"V\u0130DALAR"},"content":{"rendered":"<p><img loading=\"lazy\" decoding=\"async\" class=\"aligncenter size-full wp-image-82\" src=\"http:\/\/kartekaksesuar.com\/wp-content\/uploads\/2016\/02\/montaj_vidas\u01312.jpg\" alt=\"montaj_vidas\u01312\" width=\"600\" height=\"200\" srcset=\"https:\/\/kartekaksesuar.com\/wp-content\/uploads\/2016\/02\/montaj_vidas\u01312.jpg 600w, https:\/\/kartekaksesuar.com\/wp-content\/uploads\/2016\/02\/montaj_vidas\u01312-300x100.jpg 300w, https:\/\/kartekaksesuar.com\/wp-content\/uploads\/2016\/02\/montaj_vidas\u01312-200x67.jpg 200w\" sizes=\"auto, (max-width: 600px) 100vw, 600px\" \/><\/p>\n<h3 style=\"text-align: center;\">Montaj Vidalar\u0131<\/h3>\n<p><img loading=\"lazy\" decoding=\"async\" class=\"aligncenter size-full wp-image-78\" src=\"http:\/\/kartekaksesuar.com\/wp-content\/uploads\/2016\/02\/montaj_vida.jpg\" alt=\"montaj_vida\" width=\"600\" height=\"166\" srcset=\"https:\/\/kartekaksesuar.com\/wp-content\/uploads\/2016\/02\/montaj_vida.jpg 600w, https:\/\/kartekaksesuar.com\/wp-content\/uploads\/2016\/02\/montaj_vida-300x83.jpg 300w, https:\/\/kartekaksesuar.com\/wp-content\/uploads\/2016\/02\/montaj_vida-200x55.jpg 200w\" sizes=\"auto, (max-width: 600px) 100vw, 600px\" \/><\/p>\n<h3 style=\"text-align: center;\">Orta Kay\u0131t, Mente\u015fe ve \u0130spanyolet Vidalar\u0131<\/h3>\n<p><img loading=\"lazy\" decoding=\"async\" class=\"aligncenter size-full wp-image-77\" src=\"http:\/\/kartekaksesuar.com\/wp-content\/uploads\/2016\/02\/matkap_vida.jpg\" alt=\"matkap_vida\" width=\"599\" height=\"262\" srcset=\"https:\/\/kartekaksesuar.com\/wp-content\/uploads\/2016\/02\/matkap_vida.jpg 599w, https:\/\/kartekaksesuar.com\/wp-content\/uploads\/2016\/02\/matkap_vida-300x131.jpg 300w, https:\/\/kartekaksesuar.com\/wp-content\/uploads\/2016\/02\/matkap_vida-200x87.jpg 200w\" sizes=\"auto, (max-width: 599px) 100vw, 599px\" \/><\/p>\n<h3 style=\"text-align: center;\">Matkap U\u00e7lu Vidalar<\/h3>\n<p>&nbsp;<\/p>\n<p><img loading=\"lazy\" decoding=\"async\" class=\"aligncenter size-full wp-image-83\" src=\"http:\/\/kartekaksesuar.com\/wp-content\/uploads\/2016\/02\/ozel_civata.jpg\" alt=\"ozel_civata\" width=\"600\" height=\"340\" srcset=\"https:\/\/kartekaksesuar.com\/wp-content\/uploads\/2016\/02\/ozel_civata.jpg 600w, https:\/\/kartekaksesuar.com\/wp-content\/uploads\/2016\/02\/ozel_civata-300x170.jpg 300w, https:\/\/kartekaksesuar.com\/wp-content\/uploads\/2016\/02\/ozel_civata-200x113.jpg 200w\" sizes=\"auto, (max-width: 600px) 100vw, 600px\" \/><\/p>\n<h3 style=\"text-align: center;\">\u00d6zel \u0130malat Vida ve Civatalar<\/h3>\n","protected":false},"excerpt":{"rendered":"<p>Montaj Vidalar\u0131 Orta Kay\u0131t, Mente\u015fe ve \u0130spanyolet Vidalar\u0131 Matkap U\u00e7lu Vidalar &nbsp; \u00d6zel \u0130malat Vida ve Civatalar<\/p>\n","protected":false},"author":1,"featured_media":0,"parent":0,"menu_order":0,"comment_status":"closed","ping_status":"closed","template":"urunler.php","meta":{"footnotes":""},"class_list":["post-76","page","type-page","status-publish","hentry"],"_links":{"self":[{"href":"https:\/\/kartekaksesuar.com\/index.php\/wp-json\/wp\/v2\/pages\/76","targetHints":{"allow":["GET"]}}],"collection":[{"href":"https:\/\/kartekaksesuar.com\/index.php\/wp-json\/wp\/v2\/pages"}],"about":[{"href":"https:\/\/kartekaksesuar.com\/index.php\/wp-json\/wp\/v2\/types\/page"}],"author":[{"embeddable":true,"href":"https:\/\/kartekaksesuar.com\/index.php\/wp-json\/wp\/v2\/users\/1"}],"replies":[{"embeddable":true,"href":"https:\/\/kartekaksesuar.com\/index.php\/wp-json\/wp\/v2\/comments?post=76"}],"version-history":[{"count":10,"href":"https:\/\/kartekaksesuar.com\/index.php\/wp-json\/wp\/v2\/pages\/76\/revisions"}],"predecessor-version":[{"id":260,"href":"https:\/\/kartekaksesuar.com\/index.php\/wp-json\/wp\/v2\/pages\/76\/revisions\/260"}],"wp:attachment":[{"href":"https:\/\/kartekaksesuar.com\/index.php\/wp-json\/wp\/v2\/media?parent=76"}],"curies":[{"name":"wp","href":"https:\/\/api.w.org\/{rel}","templated":true}]}}