{"id":88,"date":"2016-02-03T12:44:33","date_gmt":"2016-02-03T10:44:33","guid":{"rendered":"http:\/\/kartekaksesuar.com\/?page_id=88"},"modified":"2016-02-03T12:44:33","modified_gmt":"2016-02-03T10:44:33","slug":"kollar","status":"publish","type":"page","link":"https:\/\/kartekaksesuar.com\/index.php\/kollar","title":{"rendered":"KOLLAR"},"content":{"rendered":"<h3 style=\"text-align: center;\">Al\u00fcminyum ve Plastik Pencere Kollar\u0131<\/h3>\n<p style=\"text-align: center;\"><img loading=\"lazy\" decoding=\"async\" class=\"alignnone size-full wp-image-89\" src=\"http:\/\/kartekaksesuar.com\/wp-content\/uploads\/2016\/02\/pencere_kolu.jpg\" alt=\"pencere_kolu\" width=\"250\" height=\"233\" srcset=\"https:\/\/kartekaksesuar.com\/wp-content\/uploads\/2016\/02\/pencere_kolu.jpg 250w, https:\/\/kartekaksesuar.com\/wp-content\/uploads\/2016\/02\/pencere_kolu-200x186.jpg 200w\" sizes=\"auto, (max-width: 250px) 100vw, 250px\" \/><\/p>\n<p style=\"text-align: center;\">\n<h3 style=\"text-align: center;\">Al\u00fcminyum ve Plastik Kap\u0131 Kollar\u0131<\/h3>\n<p><img loading=\"lazy\" decoding=\"async\" class=\"alignnone size-full wp-image-90 aligncenter\" src=\"http:\/\/kartekaksesuar.com\/wp-content\/uploads\/2016\/02\/kapi_kolu.jpg\" alt=\"kapi_kolu\" width=\"250\" height=\"243\" srcset=\"https:\/\/kartekaksesuar.com\/wp-content\/uploads\/2016\/02\/kapi_kolu.jpg 250w, https:\/\/kartekaksesuar.com\/wp-content\/uploads\/2016\/02\/kapi_kolu-200x194.jpg 200w\" sizes=\"auto, (max-width: 250px) 100vw, 250px\" \/><\/p>\n","protected":false},"excerpt":{"rendered":"<p>Al\u00fcminyum ve Plastik Pencere Kollar\u0131 Al\u00fcminyum ve Plastik Kap\u0131 Kollar\u0131<\/p>\n","protected":false},"author":1,"featured_media":0,"parent":0,"menu_order":0,"comment_status":"closed","ping_status":"closed","template":"urunler.php","meta":{"footnotes":""},"class_list":["post-88","page","type-page","status-publish","hentry"],"_links":{"self":[{"href":"https:\/\/kartekaksesuar.com\/index.php\/wp-json\/wp\/v2\/pages\/88","targetHints":{"allow":["GET"]}}],"collection":[{"href":"https:\/\/kartekaksesuar.com\/index.php\/wp-json\/wp\/v2\/pages"}],"about":[{"href":"https:\/\/kartekaksesuar.com\/index.php\/wp-json\/wp\/v2\/types\/page"}],"author":[{"embeddable":true,"href":"https:\/\/kartekaksesuar.com\/index.php\/wp-json\/wp\/v2\/users\/1"}],"replies":[{"embeddable":true,"href":"https:\/\/kartekaksesuar.com\/index.php\/wp-json\/wp\/v2\/comments?post=88"}],"version-history":[{"count":1,"href":"https:\/\/kartekaksesuar.com\/index.php\/wp-json\/wp\/v2\/pages\/88\/revisions"}],"predecessor-version":[{"id":92,"href":"https:\/\/kartekaksesuar.com\/index.php\/wp-json\/wp\/v2\/pages\/88\/revisions\/92"}],"wp:attachment":[{"href":"https:\/\/kartekaksesuar.com\/index.php\/wp-json\/wp\/v2\/media?parent=88"}],"curies":[{"name":"wp","href":"https:\/\/api.w.org\/{rel}","templated":true}]}}